{"id":798,"date":"2024-08-26T11:16:36","date_gmt":"2024-08-26T09:16:36","guid":{"rendered":"https:\/\/americascup-live.com\/fr\/?page_id=798"},"modified":"2024-09-01T19:43:35","modified_gmt":"2024-09-01T17:43:35","slug":"notre-offre-exclusive-pour-assister-aux-regates-de-lamericas-cup-a-barcelone","status":"publish","type":"page","link":"https:\/\/americascup-live.com\/fr\/notre-offre-exclusive-pour-assister-aux-regates-de-lamericas-cup-a-barcelone\/","title":{"rendered":"Merci pour votre int\u00e9r\u00eat !"},"content":{"rendered":"<h1 style=\"text-align: center;\">Voici notre<strong> offre exclusive<\/strong> pour assister aux r\u00e9gates de l&rsquo;America&rsquo;s Cup \u00e0 Barcelone<\/h1>\n<div style=\"background-color: #ccc; padding-top: 20px; margin-top: 20px; border: 2px solid #555; border-radius: 5px;\">\n<p>&nbsp;<\/p>\n<h3 style=\"text-align: center; text-transform: uppercase;\">TARIF PAR PERSONNE<\/h3>\n<p style=\"text-align: center;\"><strong>R\u00c9GATES 350\u20ac &#8211; FINALE 500\u20ac<\/strong><\/p>\n<p style=\"text-align: center;\"><a id=\"mypopup\" href=\"https:\/\/americascup-live.com\/fr\/wp-content\/uploads\/sites\/7\/2024\/09\/AMERICAS-CUP-LIVE-2024-BARCOS-SINGULARES-OFFER.pdf\" target=\"_blank\" rel=\"noopener\">Voir le Programme<\/a><\/p>\n<p><a href=\"https:\/\/americascup-live.com\/fr\/wp-content\/uploads\/sites\/7\/2024\/09\/AMERICAS-CUP-LIVE-2024-BARCOS-SINGULARES-OFFER.pdf\" target=\"_blank\" rel=\"noopener\"><img loading=\"lazy\" decoding=\"async\" class=\"size-large wp-image-1105 aligncenter\" src=\"https:\/\/americascup-live.com\/fr\/wp-content\/uploads\/sites\/7\/2024\/09\/Voir-le-Programme-de-la-coupe-de-lamerica-2024-734x1024.png\" alt=\"Voir le Programme de la coupe de l'america 2024\" width=\"734\" height=\"1024\" srcset=\"https:\/\/americascup-live.com\/fr\/wp-content\/uploads\/sites\/7\/2024\/09\/Voir-le-Programme-de-la-coupe-de-lamerica-2024-734x1024.png 734w, https:\/\/americascup-live.com\/fr\/wp-content\/uploads\/sites\/7\/2024\/09\/Voir-le-Programme-de-la-coupe-de-lamerica-2024-215x300.png 215w, https:\/\/americascup-live.com\/fr\/wp-content\/uploads\/sites\/7\/2024\/09\/Voir-le-Programme-de-la-coupe-de-lamerica-2024-768x1072.png 768w, https:\/\/americascup-live.com\/fr\/wp-content\/uploads\/sites\/7\/2024\/09\/Voir-le-Programme-de-la-coupe-de-lamerica-2024.png 895w\" sizes=\"(max-width: 734px) 100vw, 734px\" \/><\/a><\/p>\n<hr style=\"width: 20px; height: 3px; background-color: #000; border: none; margin: 20px auto;\" \/>\n<div style=\"font-size: 120%;\">\n<p style=\"text-align: center;\"><strong>Plongez au c\u0153ur de l&rsquo;aventure America&rsquo;s Cup.<br \/>\nUn \u00e9v\u00e9nement exceptionnel, en Espagne pour une \u00e9dition unique.<\/strong><\/p>\n<p style=\"text-align: center;\">Montez \u00e0 bord d&rsquo;un <strong>bateau classique<\/strong> pour une exp\u00e9rience de navigation unique<br \/>\navec un <strong>\u00e9quipage professionnel <\/strong>aux petits soins.<\/p>\n<p style=\"text-align: center;\">Vous assisterez \u00e0 la course palpitante de l&rsquo;America&rsquo;s Cup au<strong> plus pr\u00e8s de l&rsquo;action<\/strong>.<\/p>\n<p style=\"text-align: center;\"><strong>Boissons et collations<\/strong> seront servies \u00e0 bord pour agr\u00e9menter ce moment d&rsquo;exception.<\/p>\n<p style=\"text-align: center;\">Une <strong>exp\u00e9rience immersive de 5 heures<\/strong>, parfaite pour les passionn\u00e9s de voile et de r\u00e9gates !<\/p>\n<hr style=\"width: 20px; height: 3px; background-color: #000; border: none; margin: 20px auto;\" \/>\n<h3 style=\"text-align: center; text-transform: uppercase;\">POUR Vous INFORMER OU ConfirmER VOTRE r\u00e9servation<br \/>\n(PLACES LIMIt\u00e9es &#8211; RESERV\u00e9ES AUX PREMIERS INSCRITS)<\/h3>\n<hr style=\"width: 20px; height: 3px; background-color: #000; border: none; margin: 20px auto;\" \/>\n<h3 style=\"text-align: center; font-weight: normal;\">vous pouvez nous \u00e9crire \u00e0 <b><a href=\"mailto:charter@barcos-singulares.com\">charter@barcos-singulares.com<\/a><\/b><\/h3>\n<h3 style=\"text-align: center; font-weight: normal;\">ou nous contacter directement par t\u00e9l\u00e9phone au :<\/h3>\n<p><center><a style=\"background-color: #000; color: #fff; padding: 10px; border-radius: 5px; font-size: 130%;\" href=\"tel:+34690083019&quot;\"><b>\u2706 +34 690 08 30 19<\/b><\/a><\/center>.<\/p>\n<\/div>\n<\/div>\n<p>&nbsp;<\/p>\n<h3 style=\"text-align: center; text-transform: uppercase;\">Conditions de r\u00e9servation<\/h3>\n<hr style=\"width: 20px; height: 3px; background-color: #000; border: none; margin: 20px auto;\" \/>\n<ul>\n<li>Un acompte de 50 % du montant est requis au moment de la r\u00e9servation, le solde \u00e9tant \u00e0 r\u00e9gler 2 jours ouvrables avant la date pr\u00e9vue.<\/li>\n<li>En cas d&rsquo;annulation par le client, l&rsquo;acompte ne sera pas rembours\u00e9.<\/li>\n<li>Si une r\u00e9gate est annul\u00e9e par le comit\u00e9 de l\u2019America&rsquo;s Cup (en raison de conditions m\u00e9t\u00e9orologiques ou pour tout autre motif) :\n<ul>\n<li>Avant le d\u00e9part du port : une nouvelle date vous sera propos\u00e9e, ou bien un remboursement total si aucune nouvelle date ne peut \u00eatre convenue.<\/li>\n<li>Apr\u00e8s le d\u00e9part du port : la sortie sera consid\u00e9r\u00e9e comme r\u00e9alis\u00e9e, mais une autre date pourra \u00eatre r\u00e9serv\u00e9e avec une remise de 50 %.<\/li>\n<\/ul>\n<\/li>\n<\/ul>\n<ul>\n<li>Nous pourrons alors convenir ensemble des d\u00e9tails (dates, nombre de places, entreprises, extras).<\/li>\n<li>Vous recevrez ensuite le bon de commande et le RIB pour proc\u00e9der au virement de l&rsquo;acompte et finaliser votre r\u00e9servation.<\/li>\n<\/ul>\n<p>&nbsp;<\/p>\n<h3 style=\"text-align: center; text-transform: uppercase;\">C\u00e9cilia &amp; L\u00e9onardo, Barcos Singulares<\/h3>\n<hr style=\"width: 20px; height: 3px; background-color: #000; border: none; margin: 20px auto;\" \/>\n<div class=\"image-container\"><img decoding=\"async\" style=\"width: 70%; margin-left: auto; display: block; margin-right: auto;\" src=\"https:\/\/americascup-live.com\/fr\/wp-content\/uploads\/sites\/7\/2024\/08\/leonardo-cecilia-nerissa.png\" alt=\"Leonardo et Cecilia sur Nerissa\" align=\"center\" \/><\/div>\n<p><!-- Texte en deux colonnes --><\/p>\n<div class=\"text-container\">\n<p><!-- Colonne Cecilia --><\/p>\n<div class=\"column\">\n<p><b>Cecilia Mendicino <\/b>Apr\u00e8s sa formation au Centre Nautique de Caprera en Italie, ainsi qu&rsquo;\u00e0 l&rsquo;\u00e9cole des Gl\u00e9nans en France et en Irlande, elle partage sa passion pour la mer et la voile avec Leonardo, son \u00e9poux. Ensemble, ils ont choisi Nerissa et naviguent toujours en croisi\u00e8re familiale ou en r\u00e9gate, en \u00e9quipage ou en duo. Skipper et responsable de la cuisine \u00e0 bord, elle continue \u00e0 se perfectionner dans l&rsquo;art de naviguer \u00e0 l&rsquo;ancienne.<\/p>\n<\/div>\n<p><!-- Colonne Leonardo --><\/p>\n<div class=\"column\">\n<p><b>Leonardo Garcia de Vincentiis <\/b>Naviguant depuis sa jeunesse en Italie sur le voilier familial, il est renomm\u00e9 en tant qu&rsquo;expert de la voile classique en Espagne. Fondateur et pr\u00e9sident (depuis 2016) de l&rsquo;Asociaci\u00f3n Espa\u00f1ola de Barcos de \u00c9poca y Cl\u00e1sicos (A.E.B.E.C.), il est \u00e9galement membre du conseil du Comit\u00e9 International de la M\u00e9diterran\u00e9e. Passionn\u00e9 par l&rsquo;histoire maritime, qu&rsquo;il partage \u00e0 travers des conf\u00e9rences pour tous les publics, il est propri\u00e9taire de Nerissa depuis 1994.<\/p>\n<\/div>\n<\/div>\n<p>&nbsp;<\/p>\n<h3 style=\"text-align: center; text-transform: uppercase;\">NOS VOILIERS CLASSIQUES<\/h3>\n<hr style=\"width: 20px; height: 3px; background-color: #000; border: none; margin: 20px auto;\" \/>\n<p style=\"text-align: center;\"><img loading=\"lazy\" decoding=\"async\" class=\"aligncenter\" src=\"https:\/\/americascup-live.com\/fr\/wp-content\/uploads\/sites\/7\/2024\/08\/NERISSA-1.jpg\" alt=\"NERISSA Sloop bermudien \u2013 Ann\u00e9e 1965 \u2013 Longueur 54 pieds 6-8 passagers\" width=\"956\" height=\"637\" \/><\/p>\n<h4 style=\"text-align: center;\">NERISSA<\/h4>\n<p style=\"text-align: center;\"><b>Mis \u00e0 l&rsquo;eau en 1965, ce classique de 54 pieds est amarr\u00e9 au club centenaire du Port Vell, le Vieux Port de Barcelone.\u00a0<\/b>Bateau tr\u00e8s puissant, il peut atteindre une vitesse de plus de 13 n\u0153uds tout en maintenant une stabilit\u00e9 exemplaire dans toutes les conditions. Arm\u00e9 de mani\u00e8re traditionnelle, il permet aux \u00e9quipiers, m\u00eame les moins exp\u00e9riment\u00e9s, de participer aux man\u0153uvres, offrant ainsi un v\u00e9ritable bapt\u00eame de la voile. Ses boiseries et ses vernis, soigneusement entretenus, ajoutent encore plus de charme et conf\u00e8rent une allure unique aux exp\u00e9riences \u00e0 bord.<\/p>\n<p>&nbsp;<\/p>\n<p style=\"text-align: center;\"><img loading=\"lazy\" decoding=\"async\" class=\"aligncenter\" src=\"https:\/\/americascup-live.com\/fr\/wp-content\/uploads\/sites\/7\/2024\/08\/NINA-LUISITA.jpg\" alt=\"NINA-LUISITA Go\u00e9lette Bermudienne \u2013 Ann\u00e9e 1932 \u2013 Longueur 68 pieds \u2013 8-10 pax\" width=\"955\" height=\"629\" \/>NINA-LUISITA Go\u00e9lette Bermudienne \u2013 Ann\u00e9e 1932 \u2013 Longueur 68 pieds \u2013 8-10 pax<\/p>\n<h3 class=\"wp-block-heading has-text-align-center\">NI\u00d1A LUISITA<\/h3>\n<p style=\"text-align: center;\">Go\u00e9lette \u00e0 trinquette de 20 m\u00e8tres, construite en Italie en 1932. Toujours dans la famille de son second propri\u00e9taire, elle est un v\u00e9ritable exemple de la classe et de l&rsquo;\u00e9l\u00e9gance des ann\u00e9es pass\u00e9es. Avec un plan de pont et des int\u00e9rieurs spacieux, con\u00e7u pour partager l&rsquo;amour de la mer avec la famille et les amis.<\/p>\n<p>&nbsp;<\/p>\n<p style=\"text-align: center;\"><img loading=\"lazy\" decoding=\"async\" class=\"aligncenter\" src=\"https:\/\/americascup-live.com\/fr\/wp-content\/uploads\/sites\/7\/2024\/08\/KAJAR-1.jpg\" alt=\"KAJAR Sloop bermudien \u2013 Ann\u00e9e 1969 \u2013 Longueur : 36 pieds \u2013 4 passagers\" width=\"951\" height=\"588\" \/>KAJAR Sloop bermudien \u2013 Ann\u00e9e 1969 \u2013 Longueur : 36 pieds \u2013 4 passagers<\/p>\n<h4 style=\"text-align: center;\">KAJAR<\/h4>\n<p style=\"text-align: center;\">11 m\u00e8tres One Tonner, construit en Italie d&rsquo;apr\u00e8s les plans de Sparkman &amp; Stephens en 1969. Amarr\u00e9 \u00e0 Barcelone, il navigue avec un \u00e9quipage de 6 personnes : <strong>un petit bateau grandiose pour des souvenirs imp\u00e9rissables<\/strong>. Son gr\u00e9ement de sloop et ses lignes d&rsquo;eau sont con\u00e7us pour une navigation simple, facile et \u00e9l\u00e9gante dans toutes les conditions m\u00e9t\u00e9orologiques.<\/p>\n<p>&nbsp;<\/p>\n<p><img loading=\"lazy\" decoding=\"async\" class=\" wp-image-1056 aligncenter\" src=\"https:\/\/americascup-live.com\/fr\/wp-content\/uploads\/sites\/7\/2024\/08\/12mr-Rhona-1927-1.jpeg\" alt=\"12 m\u00e8tres de classe internationale, construit en Ecosse par William Fife III : il navigue depuis 1927 pour de longues croisi\u00e8res dans les mers du Nord autour de la Scandinavie. Il fait actuellement l'objet d'une restauration compl\u00e8te qui lui redonnera sa beaut\u00e9 d'origine et le rendra \u00e0 nouveau pr\u00eat pour la croisi\u00e8re et la course.\" width=\"971\" height=\"639\" srcset=\"https:\/\/americascup-live.com\/fr\/wp-content\/uploads\/sites\/7\/2024\/08\/12mr-Rhona-1927-1.jpeg 736w, https:\/\/americascup-live.com\/fr\/wp-content\/uploads\/sites\/7\/2024\/08\/12mr-Rhona-1927-1-300x197.jpeg 300w\" sizes=\"(max-width: 971px) 100vw, 971px\" \/><\/p>\n<h3 class=\"wp-block-heading has-text-align-center\">RHONA<\/h3>\n<p style=\"text-align: center;\">12 m\u00e8tres de classe internationale, construit en Ecosse par William Fife III : il navigue depuis 1927 pour de longues croisi\u00e8res dans les mers du Nord autour de la Scandinavie. Il fait actuellement l&rsquo;objet d&rsquo;une restauration compl\u00e8te qui lui redonnera sa beaut\u00e9 d&rsquo;origine et le rendra \u00e0 nouveau pr\u00eat pour la croisi\u00e8re et la course.<\/p>\n<p>&nbsp;<\/p>\n<p>&nbsp;<\/p>\n<div style=\"background-color: #ccc; padding: 20px; border: 2px solid #555;\">\n<h3 style=\"text-align: center; text-transform: uppercase; font-size: 140%;\">Informations \/ Confirmation de r\u00e9servation<\/h3>\n<hr style=\"width: 20px; height: 3px; background-color: #000; border: none; margin: 20px auto;\" \/>\n<h3 style=\"text-align: center; font-weight: normal;\">Pour confirmer votre r\u00e9servation, ou simplement vous renseigner,<br \/>\nvous pouvez nous \u00e9crire \u00e0 <b><a href=\"mailto:charter@barcos-singulares.com\">charter@barcos-singulares.com<\/a><\/b><\/h3>\n<h3 style=\"text-align: center; font-weight: normal;\">ou nous contacter directement par t\u00e9l\u00e9phone au :<\/h3>\n<p><center><a style=\"background-color: #000; color: #fff; padding: 10px; border-radius: 5px; font-size: 120%;\" href=\"tel:+34690083019&quot;\"><b>\u2706 +34 690 08 30 19<\/b><\/a><\/center>.<\/p>\n<\/div>\n","protected":false},"excerpt":{"rendered":"<p>Voici notre offre exclusive pour assister aux r\u00e9gates de l&rsquo;America&rsquo;s Cup \u00e0 Barcelone &nbsp; TARIF PAR PERSONNE R\u00c9GATES 350\u20ac &#8211; FINALE 500\u20ac Voir le Programme Plongez au c\u0153ur de l&rsquo;aventure America&rsquo;s Cup. Un \u00e9v\u00e9nement exceptionnel, en Espagne pour une \u00e9dition unique. Montez \u00e0 bord d&rsquo;un bateau classique pour une exp\u00e9rience de navigation unique avec un [&hellip;]<\/p>\n","protected":false},"author":2,"featured_media":0,"parent":0,"menu_order":0,"comment_status":"closed","ping_status":"closed","template":"","meta":{"_genesis_hide_title":false,"_genesis_hide_breadcrumbs":false,"_genesis_hide_singular_image":false,"_genesis_hide_footer_widgets":false,"_genesis_custom_body_class":"","_genesis_custom_post_class":"","_genesis_layout":"","footnotes":""},"categories":[],"tags":[],"_links":{"self":[{"href":"https:\/\/americascup-live.com\/fr\/wp-json\/wp\/v2\/pages\/798"}],"collection":[{"href":"https:\/\/americascup-live.com\/fr\/wp-json\/wp\/v2\/pages"}],"about":[{"href":"https:\/\/americascup-live.com\/fr\/wp-json\/wp\/v2\/types\/page"}],"author":[{"embeddable":true,"href":"https:\/\/americascup-live.com\/fr\/wp-json\/wp\/v2\/users\/2"}],"replies":[{"embeddable":true,"href":"https:\/\/americascup-live.com\/fr\/wp-json\/wp\/v2\/comments?post=798"}],"version-history":[{"count":201,"href":"https:\/\/americascup-live.com\/fr\/wp-json\/wp\/v2\/pages\/798\/revisions"}],"predecessor-version":[{"id":1109,"href":"https:\/\/americascup-live.com\/fr\/wp-json\/wp\/v2\/pages\/798\/revisions\/1109"}],"wp:attachment":[{"href":"https:\/\/americascup-live.com\/fr\/wp-json\/wp\/v2\/media?parent=798"}],"wp:term":[{"taxonomy":"category","embeddable":true,"href":"https:\/\/americascup-live.com\/fr\/wp-json\/wp\/v2\/categories?post=798"},{"taxonomy":"post_tag","embeddable":true,"href":"https:\/\/americascup-live.com\/fr\/wp-json\/wp\/v2\/tags?post=798"}],"curies":[{"name":"wp","href":"https:\/\/api.w.org\/{rel}","templated":true}]}}