{"id":463,"date":"2024-08-30T20:43:45","date_gmt":"2024-08-30T18:43:45","guid":{"rendered":"https:\/\/americascup-live.com\/es\/?page_id=463"},"modified":"2024-09-01T19:49:43","modified_gmt":"2024-09-01T17:49:43","slug":"gracias-por-su-interes","status":"publish","type":"page","link":"https:\/\/americascup-live.com\/es\/gracias-por-su-interes\/","title":{"rendered":"\u00a1Gracias por su inter\u00e9s!"},"content":{"rendered":"<h1 style=\"text-align: center;\">\u00c9sta es nuestra oferta exclusiva para asistir a las regatas de la<br \/>\n<strong>Copa Am\u00e9rica en Barcelona 2024<\/strong><\/h1>\n<div style=\"background-color: #ccc; padding-top: 20px; margin-top: 20px; border: 2px solid #555; border-radius: 5px;\">\n<p>&nbsp;<\/p>\n<h3 style=\"text-align: center; text-transform: uppercase;\">PRECIO POR PERSONA:<\/h3>\n<p style=\"text-align: center;\"><strong> REGATA 350 EUROS &#8211; FINAL 500 EUROS<\/strong><\/p>\n<p><img loading=\"lazy\" decoding=\"async\" class=\"size-large wp-image-485 aligncenter\" src=\"https:\/\/americascup-live.com\/es\/wp-content\/uploads\/sites\/6\/2024\/09\/Voir-le-Programme-de-la-coupe-de-lamerica-2024-734x1024.png\" alt=\"\" width=\"734\" height=\"1024\" srcset=\"https:\/\/americascup-live.com\/es\/wp-content\/uploads\/sites\/6\/2024\/09\/Voir-le-Programme-de-la-coupe-de-lamerica-2024-734x1024.png 734w, https:\/\/americascup-live.com\/es\/wp-content\/uploads\/sites\/6\/2024\/09\/Voir-le-Programme-de-la-coupe-de-lamerica-2024-215x300.png 215w, https:\/\/americascup-live.com\/es\/wp-content\/uploads\/sites\/6\/2024\/09\/Voir-le-Programme-de-la-coupe-de-lamerica-2024-768x1072.png 768w, https:\/\/americascup-live.com\/es\/wp-content\/uploads\/sites\/6\/2024\/09\/Voir-le-Programme-de-la-coupe-de-lamerica-2024.png 895w\" sizes=\"(max-width: 734px) 100vw, 734px\" \/><\/p>\n<h3 style=\"text-align: center; text-transform: uppercase;\">EL PROGRAMA<\/h3>\n<hr style=\"width: 20px; height: 3px; background-color: #000; border: none; margin: 20px auto;\" \/>\n<div style=\"font-size: 120%;\">\n<p style=\"text-align: center;\"><strong>Sum\u00e9rjase en el coraz\u00f3n de la aventura de la America&#8217;s Cup.<\/strong><br \/>\n<strong>Un evento excepcional, en Espa\u00f1a para una edici\u00f3n \u00fanica.<\/strong><\/p>\n<p style=\"text-align: center;\">Suba a bordo de un <strong>barco cl\u00e1sico<\/strong> para vivir una experiencia de navegaci\u00f3n \u00fanica<br \/>\ncon una <strong>tripulaci\u00f3n profesional<\/strong>.<\/p>\n<p style=\"text-align: center;\">Podr\u00e1 ver <strong>de cerca<\/strong> la emocionante regata de la Copa Am\u00e9rica.<\/p>\n<p style=\"text-align: center;\">Se servir\u00e1n <strong>bebidas y aperitivos<\/strong> a bordo para mejorar esta experiencia excepcional.<\/p>\n<p style=\"text-align: center;\">Una <strong>experiencia envolvente de 5 horas<\/strong>, perfecta para los entusiastas de la vela y las regatas.<\/p>\n<p>&nbsp;<\/p>\n<h3 style=\"text-align: center; text-transform: uppercase;\">PARA OBTENER INFORMACI\u00d3N O CONFIRMAR SU RESERVA<br \/>\n(LAS PLAZAS SON LIMITADAS &#8211;<br \/>\nRESERVADAS PARA LOS PRIMEROS INSCRITOS)<\/h3>\n<hr style=\"width: 20px; height: 3px; background-color: #000; border: none; margin: 20px auto;\" \/>\n<h3 style=\"text-align: center; font-weight: normal;\">Puede escribirnos a <b><a href=\"mailto:charter@barcos-singulares.com\">charter@barcos-singulares.com<\/a><\/b><\/h3>\n<h3 style=\"text-align: center; font-weight: normal;\">o contactarnos directamente por tel\u00e9fono en :<\/h3>\n<p><center><a style=\"background-color: #000; color: #fff; padding: 10px; border-radius: 5px; font-size: 130%;\" href=\"tel:+34690083019&quot;\"><b>\u2706 +34 690 08 30 19<\/b><\/a><\/center>.<\/p>\n<\/div>\n<\/div>\n<p>&nbsp;<\/p>\n<h3 style=\"text-align: center; text-transform: uppercase;\">CONDICIONES DE RESERVA<\/h3>\n<hr style=\"width: 20px; height: 3px; background-color: #000; border: none; margin: 20px auto;\" \/>\n<ul>\n<li>Se requiere un dep\u00f3sito del 50% en el momento de efectuar la reserva, y el resto se abonar\u00e1 2 d\u00edas laborables antes de la fecha prevista.<\/li>\n<li>En caso de cancelaci\u00f3n por parte del cliente, no se reembolsar\u00e1 el dep\u00f3sito.<\/li>\n<li>Si el Comit\u00e9 de la America&#8217;s Cup cancela una regata (debido a las condiciones meteorol\u00f3gicas o a cualquier otro motivo):\n<ul>\n<li>Antes de la salida del puerto: se le ofrecer\u00e1 una nueva fecha, o un reembolso completo si no se puede acordar una nueva fecha.<\/li>\n<li>Despu\u00e9s de la salida del puerto: la salida se considerar\u00e1 finalizada, pero se podr\u00e1 reservar otra fecha con un descuento del 50%.<\/li>\n<\/ul>\n<\/li>\n<li>Entonces podremos acordar juntos los detalles (fechas, n\u00famero de plazas, empresas, extras).<\/li>\n<li>A continuaci\u00f3n, recibir\u00e1 la hoja de pedido y los datos bancarios para transferir el anticipo y finalizar la reserva.<\/li>\n<\/ul>\n<p>&nbsp;<\/p>\n<h3 style=\"text-align: center; text-transform: uppercase;\">C\u00e9cilia &amp; L\u00e9onardo, Barcos Singulares<\/h3>\n<hr style=\"width: 20px; height: 3px; background-color: #000; border: none; margin: 20px auto;\" \/>\n<div class=\"image-container\"><img decoding=\"async\" style=\"width: 70%; margin-left: auto; display: block; margin-right: auto;\" src=\"https:\/\/americascup-live.com\/fr\/wp-content\/uploads\/sites\/7\/2024\/08\/leonardo-cecilia-nerissa.png\" alt=\"Leonardo et Cecilia sur Nerissa\" align=\"center\" \/><\/div>\n<p><!-- Texte en deux colonnes --><\/p>\n<div class=\"text-container\">\n<p><!-- Colonne Cecilia --><\/p>\n<div class=\"column\">\n<p><strong>Cecilia Mendicino<\/strong> Tras formarse en el Centre Nautique de Caprera, en Italia, y en la escuela de vela Gl\u00e9nans, en Francia e Irlanda, comparti\u00f3 su pasi\u00f3n por el mar y la vela con su marido Leonardo. Juntos eligieron el Nerissa y siguen navegando en cruceros familiares o regatas, como tripulaci\u00f3n o como d\u00fao. Como capitana y responsable de la cocina de a bordo, sigue perfeccionando sus habilidades en el arte de navegar a la antigua usanza.<\/p>\n<\/div>\n<p><!-- Colonne Leonardo --><\/p>\n<div class=\"column\">\n<p><strong>Leonardo Garc\u00eda de Vincentiis<\/strong> Navega desde su juventud en Italia en el velero familiar, es reconocido como experto en vela cl\u00e1sica en Espa\u00f1a. Fundador y presidente (desde 2016) de la Asociaci\u00f3n Espa\u00f1ola de Barcos de \u00c9poca y Cl\u00e1sicos (A.E.B.E.C.), es tambi\u00e9n miembro de la junta directiva del Comit\u00e9 Internacional del Mediterr\u00e1neo. Apasionado de la historia mar\u00edtima, que comparte a trav\u00e9s de conferencias para todos los p\u00fablicos, es propietario del Nerissa desde 1994.<\/p>\n<\/div>\n<\/div>\n<p>&nbsp;<\/p>\n<h3 style=\"text-align: center; text-transform: uppercase;\">NUESTROS YATES CL\u00c1SICOS<\/h3>\n<hr style=\"width: 20px; height: 3px; background-color: #000; border: none; margin: 20px auto;\" \/>\n<p style=\"text-align: center;\"><img loading=\"lazy\" decoding=\"async\" class=\"aligncenter\" src=\"https:\/\/americascup-live.com\/fr\/wp-content\/uploads\/sites\/7\/2024\/08\/NERISSA-1.jpg\" alt=\"NERISSA Sloop bermudien \u2013 Ann\u00e9e 1965 \u2013 Longueur 54 pieds 6-8 passagers\" width=\"956\" height=\"637\" \/><\/p>\n<h4 style=\"text-align: center;\">NERISSA<\/h4>\n<p style=\"text-align: center;\">Botado en 1965, este cl\u00e1sico de 54 pies est\u00e1 amarrado en el centenario club de Port Vell, el Puerto Viejo de Barcelona.\u00a0Barco muy potente, puede alcanzar velocidades de m\u00e1s de 13 nudos manteniendo una estabilidad ejemplar en todas las condiciones. Equipado a la manera tradicional, permite incluso a los tripulantes m\u00e1s inexpertos participar en las maniobras, proporcion\u00e1ndoles una verdadera iniciaci\u00f3n a la vela. Su cuidada carpinter\u00eda y barniz a\u00f1aden a\u00fan m\u00e1s encanto y confieren un encanto \u00fanico a las experiencias a bordo.<\/p>\n<p>&nbsp;<\/p>\n<p style=\"text-align: center;\"><img loading=\"lazy\" decoding=\"async\" class=\"aligncenter\" src=\"https:\/\/americascup-live.com\/fr\/wp-content\/uploads\/sites\/7\/2024\/08\/NINA-LUISITA.jpg\" alt=\"NINA-LUISITA Go\u00e9lette Bermudienne \u2013 Ann\u00e9e 1932 \u2013 Longueur 68 pieds \u2013 8-10 pax\" width=\"955\" height=\"629\" \/>NINA-LUISITA Goleta de Bermudas &#8211; A\u00f1o 1932 &#8211; Eslora 68 pies &#8211; 8-10 pax<\/p>\n<h4 style=\"text-align: center;\">NINA-LUISITA<\/h4>\n<p style=\"text-align: center;\">12 metros Clase Internacional, construido en Escocia por William Fife III: navegando desde 1927 en extensos cruceros por los mares del Norte alrededor de Escandinavia. En la actualidad se est\u00e1 sometiendo a una restauraci\u00f3n completa que le devolver\u00e1 su belleza original y lo dejar\u00e1 listo para navegar y competir.<\/p>\n<p style=\"text-align: center;\"><img loading=\"lazy\" decoding=\"async\" class=\"aligncenter\" src=\"https:\/\/americascup-live.com\/fr\/wp-content\/uploads\/sites\/7\/2024\/08\/KAJAR-1.jpg\" alt=\"KAJAR Sloop bermudien \u2013 Ann\u00e9e 1969 \u2013 Longueur : 36 pieds \u2013 4 passagers\" width=\"951\" height=\"588\" \/>KAJAR Balandro bermude\u00f1o &#8211; A\u00f1o 1969 &#8211; Eslora: 36 pies &#8211; 4 pasajeros<\/p>\n<h4 style=\"text-align: center;\">KAJAR<\/h4>\n<p style=\"text-align: center;\">One Tonner de 11 metros, construido en Italia a partir de planos de Sparkman &amp; Stephens en 1969. Atracado en Barcelona, navega con una tripulaci\u00f3n de 6 personas: un peque\u00f1o gran barco para recuerdos eternos. Su aparejo de sloop y sus l\u00edneas de flotaci\u00f3n est\u00e1n dise\u00f1adas para una navegaci\u00f3n sencilla, f\u00e1cil y elegante en cualquier condici\u00f3n meteorol\u00f3gica.<\/p>\n<p><img loading=\"lazy\" decoding=\"async\" class=\" wp-image-467 aligncenter\" src=\"https:\/\/americascup-live.com\/es\/wp-content\/uploads\/sites\/6\/2024\/08\/12mr-Rhona-1927-1.jpeg\" alt=\"\" width=\"885\" height=\"582\" srcset=\"https:\/\/americascup-live.com\/es\/wp-content\/uploads\/sites\/6\/2024\/08\/12mr-Rhona-1927-1.jpeg 736w, https:\/\/americascup-live.com\/es\/wp-content\/uploads\/sites\/6\/2024\/08\/12mr-Rhona-1927-1-300x197.jpeg 300w\" sizes=\"(max-width: 885px) 100vw, 885px\" \/><\/p>\n<h4 style=\"text-align: center;\">RHONA<\/h4>\n<p style=\"text-align: center;\">12 metros Clase Internacional, construido en Escocia por William Fife III: navegando desde 1927 en extensos cruceros por los mares del Norte alrededor de Escandinavia. En la actualidad est\u00e1 siendo sometido a una restauraci\u00f3n completa que le devolver\u00e1 su belleza original y lo dejar\u00e1 listo para navegar y competir.<\/p>\n<p>&nbsp;<\/p>\n<div style=\"background-color: #ccc; padding: 20px; border: 2px solid #555;\">\n<h3 style=\"text-align: center; text-transform: uppercase; font-size: 140%;\">Informaci\u00f3n \/ Confirmaci\u00f3n de reserva<\/h3>\n<hr style=\"width: 20px; height: 3px; background-color: #000; border: none; margin: 20px auto;\" \/>\n<h3 style=\"text-align: center; font-weight: normal;\">Para confirmar su reserva, o simplemente para m\u00e1s informaci\u00f3n,<br \/>\npuede escribirnos a <b><a href=\"mailto:charter@barcos-singulares.com\">charter@barcos-singulares.com<\/a><\/b><\/h3>\n<h3 style=\"text-align: center; font-weight: normal;\">o contactarnos directamente por tel\u00e9fono en :<\/h3>\n<p><center><a style=\"background-color: #000; color: #fff; padding: 10px; border-radius: 5px; font-size: 120%;\" href=\"tel:+34690083019&quot;\"><b>\u2706 +34 690 08 30 19<\/b><\/a><\/center>.<\/p>\n<\/div>\n","protected":false},"excerpt":{"rendered":"<p>\u00c9sta es nuestra oferta exclusiva para asistir a las regatas de la Copa Am\u00e9rica en Barcelona 2024 &nbsp; PRECIO POR PERSONA: REGATA 350 EUROS &#8211; FINAL 500 EUROS EL PROGRAMA Sum\u00e9rjase en el coraz\u00f3n de la aventura de la America&#8217;s Cup. Un evento excepcional, en Espa\u00f1a para una edici\u00f3n \u00fanica. Suba a bordo de un [&hellip;]<\/p>\n","protected":false},"author":2,"featured_media":0,"parent":0,"menu_order":0,"comment_status":"closed","ping_status":"closed","template":"","meta":{"_genesis_hide_title":false,"_genesis_hide_breadcrumbs":false,"_genesis_hide_singular_image":false,"_genesis_hide_footer_widgets":false,"_genesis_custom_body_class":"","_genesis_custom_post_class":"","_genesis_layout":"","footnotes":""},"categories":[],"tags":[],"_links":{"self":[{"href":"https:\/\/americascup-live.com\/es\/wp-json\/wp\/v2\/pages\/463"}],"collection":[{"href":"https:\/\/americascup-live.com\/es\/wp-json\/wp\/v2\/pages"}],"about":[{"href":"https:\/\/americascup-live.com\/es\/wp-json\/wp\/v2\/types\/page"}],"author":[{"embeddable":true,"href":"https:\/\/americascup-live.com\/es\/wp-json\/wp\/v2\/users\/2"}],"replies":[{"embeddable":true,"href":"https:\/\/americascup-live.com\/es\/wp-json\/wp\/v2\/comments?post=463"}],"version-history":[{"count":8,"href":"https:\/\/americascup-live.com\/es\/wp-json\/wp\/v2\/pages\/463\/revisions"}],"predecessor-version":[{"id":486,"href":"https:\/\/americascup-live.com\/es\/wp-json\/wp\/v2\/pages\/463\/revisions\/486"}],"wp:attachment":[{"href":"https:\/\/americascup-live.com\/es\/wp-json\/wp\/v2\/media?parent=463"}],"wp:term":[{"taxonomy":"category","embeddable":true,"href":"https:\/\/americascup-live.com\/es\/wp-json\/wp\/v2\/categories?post=463"},{"taxonomy":"post_tag","embeddable":true,"href":"https:\/\/americascup-live.com\/es\/wp-json\/wp\/v2\/tags?post=463"}],"curies":[{"name":"wp","href":"https:\/\/api.w.org\/{rel}","templated":true}]}}